{"id":1941,"date":"2020-02-20T12:16:51","date_gmt":"2020-02-20T11:16:51","guid":{"rendered":"https:\/\/www.penacerrada-urizaharra.eus\/servicios\/biblioteca-municipal\/"},"modified":"2020-10-08T11:36:17","modified_gmt":"2020-10-08T09:36:17","slug":"udal-liburutegia","status":"publish","type":"page","link":"https:\/\/www.penacerrada-urizaharra.eus\/eu\/zerbitzuak\/udal-liburutegia\/","title":{"rendered":"Udal liburutegia"},"content":{"rendered":"\n<style type=\"text\/css\" data-created_by=\"avia_inline_auto\" id=\"style-css-av-g34v0-d7de5310d89b7b6d4e9d99fd3b5b837e\">\n.flex_column.av-g34v0-d7de5310d89b7b6d4e9d99fd3b5b837e{\nborder-width:1px;\nborder-color:#000000;\nborder-style:solid;\nborder-radius:0px 0px 0px 0px;\npadding:20px 20px 20px 20px;\n}\n<\/style>\n<div  class='flex_column av-g34v0-d7de5310d89b7b6d4e9d99fd3b5b837e av_one_half  avia-builder-el-0  el_before_av_one_half  avia-builder-el-first  first flex_column_div  '     ><section  class='av_textblock_section av-k5m8eqkg-353597723d6f162c8c7ac385d04bc57e '   itemscope=\"itemscope\" itemtype=\"https:\/\/schema.org\/CreativeWork\" ><div class='avia_textblock'  itemprop=\"text\" ><h2>Pe\u00f1acerrada\/Urizaharrako udal liburutegia<\/h2>\n<\/div><\/section><br \/>\n<div  class='avia-icon-list-container av-k6unr8jc-bcc512e05c86a4a6dfa1b908c0fb65fa  avia-builder-el-2  el_after_av_textblock  avia-builder-el-last '><ul class='avia-icon-list avia_animate_when_almost_visible avia-icon-list-left av-iconlist-big av-k6unr8jc-bcc512e05c86a4a6dfa1b908c0fb65fa avia-iconlist-animate'>\n<li><div class='iconlist_icon av-arzjp-477e3e5687255b6662b738157e79007c avia-font-entypo-fontello avia-iconfont avia-font-entypo-fontello'><span class='av-icon-char' data-av_icon='\ue862' data-av_iconfont='entypo-fontello' aria-hidden=\"true\"><\/span><\/div><article class=\"article-icon-entry \"  itemscope=\"itemscope\" itemtype=\"https:\/\/schema.org\/CreativeWork\" ><div class=\"iconlist_content_wrap\"><header class=\"entry-content-header\" aria-label=\"Icon: Larunbatero irekita\"><h4 class='av_iconlist_title iconlist_title  '  itemprop=\"headline\" >Larunbatero irekita<\/h4><\/header><div class='iconlist_content '  itemprop=\"text\" ><p><strong>12:30etik 13:30era<\/strong><\/p>\n<\/div><\/div><footer class=\"entry-footer\"><\/footer><\/article><div class=\"iconlist-timeline\"><\/div><\/li>\n<li><div class='iconlist_icon av-nqdo5-2425a69463d70a783d4cd143f06006a2 avia-font-entypo-fontello avia-iconfont avia-font-entypo-fontello'><span class='av-icon-char' data-av_icon='\ue812' data-av_iconfont='entypo-fontello' aria-hidden=\"true\"><\/span><\/div><article class=\"article-icon-entry \"  itemscope=\"itemscope\" itemtype=\"https:\/\/schema.org\/CreativeWork\" ><div class=\"iconlist_content_wrap\"><header class=\"entry-content-header\" aria-label=\"Icon: Bazkidea izan\"><h4 class='av_iconlist_title iconlist_title  '  itemprop=\"headline\" >Bazkidea izan<\/h4><\/header><div class='iconlist_content '  itemprop=\"text\" ><p>Anima zaitez! etorri ikustera eta ezagutzera liburutegia<\/p>\n<\/div><\/div><footer class=\"entry-footer\"><\/footer><\/article><div class=\"iconlist-timeline\"><\/div><\/li>\n<li><div class='iconlist_icon av-4xiuxx-ccef05930eac4898d8e66ffbc531dad5 avia-font-penacerrada avia-iconfont avia-font-penacerrada'><span class='av-icon-char' data-av_icon='\ue802' data-av_iconfont='penacerrada' aria-hidden=\"true\"><\/span><\/div><article class=\"article-icon-entry \"  itemscope=\"itemscope\" itemtype=\"https:\/\/schema.org\/CreativeWork\" ><div class=\"iconlist_content_wrap\"><header class=\"entry-content-header\" aria-label=\"Icon: &lt;a href=&#039;mailto:urizaharraliburuak@gmail.com&#039; title=&#039;Iradokizunak \/ Kontaktua&#039;&gt;Iradokizunak \/ Kontaktua&lt;\/a&gt;\"><h4 class='av_iconlist_title iconlist_title  '  itemprop=\"headline\" ><a href='mailto:urizaharraliburuak@gmail.com' title='Iradokizunak \/ Kontaktua'>Iradokizunak \/ Kontaktua<\/a><\/h4><\/header><div class='iconlist_content '  itemprop=\"text\" ><p><strong><a href=\"mailto:urizaharraliburuak@gmail.com\" target=\"_blank\" rel=\"noopener noreferrer\">urizaharraliburuak@gmail.com<\/a><\/strong><\/p>\n<\/div><\/div><footer class=\"entry-footer\"><\/footer><\/article><div class=\"iconlist-timeline\"><\/div><\/li>\n<li><div class='iconlist_icon av-av_iconlist_item-fee646c49bf01c79df62103c5e6aa91a avia-font-entypo-fontello avia-iconfont avia-font-entypo-fontello'><span class='av-icon-char' data-av_icon='\ue853' data-av_iconfont='entypo-fontello' aria-hidden=\"true\"><\/span><\/div><article class=\"article-icon-entry \"  itemscope=\"itemscope\" itemtype=\"https:\/\/schema.org\/CreativeWork\" ><div class=\"iconlist_content_wrap\"><header class=\"entry-content-header\" aria-label=\"Icon: &lt;a href=&#039;mailto:urizaharraliburuak@gmail.com&#039; title=&#039;WIFI gunea&#039;&gt;WIFI gunea&lt;\/a&gt;\"><h4 class='av_iconlist_title iconlist_title  '  itemprop=\"headline\" ><a href='mailto:urizaharraliburuak@gmail.com' title='WIFI gunea'>WIFI gunea<\/a><\/h4><\/header><div class='iconlist_content '  itemprop=\"text\" ><p><img loading=\"lazy\" decoding=\"async\" class=\"alignleft size-thumbnail wp-image-2739\" src=\"https:\/\/www.penacerrada-urizaharra.eus\/wp-content\/uploads\/2020\/02\/zona-wifi-80x80.png\" alt=\"\" width=\"80\" height=\"80\" srcset=\"https:\/\/www.penacerrada-urizaharra.eus\/wp-content\/uploads\/2020\/02\/zona-wifi-80x80.png 80w, https:\/\/www.penacerrada-urizaharra.eus\/wp-content\/uploads\/2020\/02\/zona-wifi-300x300.png 300w, https:\/\/www.penacerrada-urizaharra.eus\/wp-content\/uploads\/2020\/02\/zona-wifi-36x36.png 36w, https:\/\/www.penacerrada-urizaharra.eus\/wp-content\/uploads\/2020\/02\/zona-wifi-180x180.png 180w, https:\/\/www.penacerrada-urizaharra.eus\/wp-content\/uploads\/2020\/02\/zona-wifi.png 400w\" sizes=\"auto, (max-width: 80px) 100vw, 80px\" \/><\/p>\n<\/div><\/div><footer class=\"entry-footer\"><\/footer><\/article><div class=\"iconlist-timeline\"><\/div><\/li>\n<\/ul><\/div><\/p><\/div>\n<style type=\"text\/css\" data-created_by=\"avia_inline_auto\" id=\"style-css-av-9xqyc-5ec2a6bb47fa344f0f6f390383d50502\">\n.flex_column.av-9xqyc-5ec2a6bb47fa344f0f6f390383d50502{\nborder-radius:0px 0px 0px 0px;\npadding:0px 0px 0px 0px;\n}\n<\/style>\n<div  class='flex_column av-9xqyc-5ec2a6bb47fa344f0f6f390383d50502 av_one_half  avia-builder-el-3  el_after_av_one_half  avia-builder-el-last  flex_column_div av-zero-column-padding  '     ><style type=\"text\/css\" data-created_by=\"avia_inline_auto\" id=\"style-css-av-kg0lxbqq-c1fc9564a62b05f3026738c45bcd5137\">\n#top .togglecontainer.av-kg0lxbqq-c1fc9564a62b05f3026738c45bcd5137 p.toggler{\ncolor:#020202;\nborder-color:#000000;\n}\n#top .togglecontainer.av-kg0lxbqq-c1fc9564a62b05f3026738c45bcd5137 p.toggler.activeTitle{\ncolor:#000000;\nborder-color:#000000;\n}\n#top .togglecontainer.av-kg0lxbqq-c1fc9564a62b05f3026738c45bcd5137 p.toggler .toggle_icon{\ncolor:#020202;\nborder-color:#020202;\n}\n#top .togglecontainer.av-kg0lxbqq-c1fc9564a62b05f3026738c45bcd5137 .toggle_wrap .toggle_content{\ncolor:#020202;\nborder-color:#000000;\n}\n<\/style>\n<div  class='togglecontainer av-kg0lxbqq-c1fc9564a62b05f3026738c45bcd5137 av-elegant-toggle  avia-builder-el-4  avia-builder-el-no-sibling  toggle_close_all hasCurrentStyle' >\n<section class='av_toggle_section av-av_toggle-e2bbfdacdc9b5be51bc0f434413a4dfe'  itemscope=\"itemscope\" itemtype=\"https:\/\/schema.org\/CreativeWork\" ><div role=\"tablist\" class=\"single_toggle\" data-tags=\"{All} \"  ><p id='toggle-toggle-id-1' data-fake-id='#toggle-id-1' class='toggler  av-title-above av-inherit-font-color hasCustomColor av-inherit-border-color'  itemprop=\"headline\"  role='tab' tabindex='0' aria-controls='toggle-id-1' data-slide-speed=\"200\" data-title=\"2019ko erositako liburuak\" data-title-open=\"\" data-aria_collapsed=\"Click to expand: 2019ko erositako liburuak\" data-aria_expanded=\"Click to collapse: 2019ko erositako liburuak\">2019ko erositako liburuak<span class=\"toggle_icon\"><span class=\"vert_icon\"><\/span><span class=\"hor_icon\"><\/span><\/span><\/p><div id='toggle-id-1' aria-labelledby='toggle-toggle-id-1' role='region' class='toggle_wrap  av-title-above'  ><div class='toggle_content invers-color av-inherit-font-color hasCustomColor av-inherit-border-color'  itemprop=\"text\" ><ul>\n<li><strong><a href=\"https:\/\/www.penacerrada-urizaharra.eus\/wp-content\/uploads\/2020\/02\/biblioteca-novedades-2019.pdf\" target=\"_blank\" rel=\"noopener\">2019ko berriak (.pdf dokumentua)<\/a><\/strong><\/li>\n<li><strong>2019ko erositako liburu gehiago:<\/strong><br \/>\n<table width=\"565\">\n<tbody>\n<tr>\n<td width=\"243\"><strong>IZENBURUA<\/strong><\/td>\n<td width=\"323\"><strong>EGILEA<\/strong><\/td>\n<\/tr>\n<tr>\n<td>The pigeon needs a bath<\/td>\n<td>Mo Williams<\/td>\n<\/tr>\n<tr>\n<td>Los mundos de niko<\/td>\n<td>Niolas Segura<\/td>\n<\/tr>\n<tr>\n<td>Onin Eta altxorraren uhartea<\/td>\n<td>Ibon Mart\u00edn Alvarez<\/td>\n<\/tr>\n<tr>\n<td>Nur eta kobazulo liluragarria<\/td>\n<td>Toti Martinez de Lezea<\/td>\n<\/tr>\n<tr>\n<td>33 ezkil<\/td>\n<td>Miren Gorrotxategi<\/td>\n<\/tr>\n<tr>\n<td>Isiltasunaren itsasargia<\/td>\n<td>Ibon Martin<\/td>\n<\/tr>\n<tr>\n<td>Alardeak, ukatutako plazara<\/td>\n<td>Maite Asensio<\/td>\n<\/tr>\n<tr>\n<td>Zorioneko familia<\/td>\n<td>I\u00f1aki Irasizabal<\/td>\n<\/tr>\n<tr>\n<td>El largo camino hacia la libertad<\/td>\n<td>Neison Mandela<\/td>\n<\/tr>\n<tr>\n<td>M\u00e1quinas como yo<\/td>\n<td>Ian Mcewan<\/td>\n<\/tr>\n<tr>\n<td>Las hijas de la tierra<\/td>\n<td>Alaitz Lizeaga<\/td>\n<\/tr>\n<tr>\n<td>Leonor de Aquitania<\/td>\n<td>Clara Dupont Monond<\/td>\n<\/tr>\n<tr>\n<td>No hay luz bajo la nieve<\/td>\n<td>Jordi Llobregat<\/td>\n<\/tr>\n<tr>\n<td>El amante silencioso<\/td>\n<td>Clara Sanchez<\/td>\n<\/tr>\n<tr>\n<td>Lo que no te mata te hace mas fuerte<\/td>\n<td>David Lagercrantz<\/td>\n<\/tr>\n<tr>\n<td>La casa alemana<\/td>\n<td>Anette Hess<\/td>\n<\/tr>\n<tr>\n<td>La cara norte de coraz\u00f3n<\/td>\n<td>Dolores Redondo<\/td>\n<\/tr>\n<tr>\n<td>La cocinera<\/td>\n<td>Coia Valls<\/td>\n<\/tr>\n<tr>\n<td>Sidi<\/td>\n<td>Arturo Perez Reverte<\/td>\n<\/tr>\n<tr>\n<td>El secreto de la Tritona<\/td>\n<td>Manuel Pinomontano<\/td>\n<\/tr>\n<tr>\n<td>La ficha 145 de Nuremberg<\/td>\n<td>Kepa Menendez<\/td>\n<\/tr>\n<tr>\n<td>Largo p\u00e9talo de mar<\/td>\n<td>Isabel Allende<\/td>\n<\/tr>\n<tr>\n<td>Las ciegas hormigas<\/td>\n<td>Ramiro Pinilla<\/td>\n<\/tr>\n<tr>\n<td>Poniente<\/td>\n<td>Alber Vazquez<\/td>\n<\/tr>\n<tr>\n<td>El alfabeto sagrado<\/td>\n<td>Gemma Nieto<\/td>\n<\/tr>\n<tr>\n<td>Orgullo y prejuicio<\/td>\n<td>Jane Austen<\/td>\n<\/tr>\n<tr>\n<td>Atlas del Mundo<\/td>\n<td>Aleksandra Miziellinska y Daniel Mizieliruski<\/td>\n<\/tr>\n<tr>\n<td>Enigmak<\/td>\n<td>Victor Escandell<\/td>\n<\/tr>\n<tr>\n<td>La linea del tiempo<\/td>\n<td>Peter Goes<\/td>\n<\/tr>\n<tr>\n<td>La vida en el Pasado<\/td>\n<td>Daniel Moignot<\/td>\n<\/tr>\n<tr>\n<td>El Pintor de almas<\/td>\n<td>Ildefonso Falcones<\/td>\n<\/tr>\n<tr>\n<td>La chica que vivia dos veces<\/td>\n<td>David Lagercrantz<\/td>\n<\/tr>\n<tr>\n<td>El a\u00f1o de los delfines<\/td>\n<td>Christiane Gohl<\/td>\n<\/tr>\n<tr>\n<td>La hija olvidada<\/td>\n<td>Armando Lucas Correa<\/td>\n<\/tr>\n<tr>\n<td>Despues del amor<\/td>\n<td>Sonsoles Onega<\/td>\n<\/tr>\n<tr>\n<td>Los ni\u00f1os terribles<\/td>\n<td>Jean Cocteau<\/td>\n<\/tr>\n<tr>\n<td>Que le doy de comer<\/td>\n<td>Aitor S\u00e1nchez Garcia y Luc\u00eda Mart\u00ednez<\/td>\n<\/tr>\n<tr>\n<td>Isadora moon y la noche m\u00e1gica<\/td>\n<td>Harriet Muncaster<\/td>\n<\/tr>\n<tr>\n<td>Isadora moon &#8211; El diario secreto de \u2026<\/td>\n<td>Harriet Muncaster<\/td>\n<\/tr>\n<tr>\n<td>Gure familia<\/td>\n<td>Pirritx eta Porrotx<\/td>\n<\/tr>\n<tr>\n<td>El Legado de la villa de los telas<\/td>\n<td>Anne Jacobs<\/td>\n<\/tr>\n<tr>\n<td>El Silencio de clara Lydon<\/td>\n<td>Elene Lizarralde<\/td>\n<\/tr>\n<tr>\n<td>Lost and found<\/td>\n<td>Oliver Jeffers<\/td>\n<\/tr>\n<tr>\n<td>Guerra y paz<\/td>\n<td>Leon Tolstoi<\/td>\n<\/tr>\n<\/tbody>\n<\/table>\n<\/li>\n<\/ul>\n<\/div><\/div><\/div><\/section>\n<\/div><\/div><\/p>\n","protected":false},"excerpt":{"rendered":"","protected":false},"author":1,"featured_media":0,"parent":1940,"menu_order":0,"comment_status":"closed","ping_status":"closed","template":"","meta":{"footnotes":""},"class_list":["post-1941","page","type-page","status-publish","hentry"],"yoast_head":"<!-- This site is optimized with the Yoast SEO plugin v26.6 - https:\/\/yoast.com\/wordpress\/plugins\/seo\/ -->\n<title>Udal liburutegia - Ayuntamiento de Pe\u00f1acerrada-Urizaharra<\/title>\n<meta name=\"robots\" content=\"index, follow, max-snippet:-1, max-image-preview:large, max-video-preview:-1\" \/>\n<link rel=\"canonical\" href=\"https:\/\/www.penacerrada-urizaharra.eus\/eu\/zerbitzuak\/udal-liburutegia\/\" \/>\n<meta property=\"og:locale\" content=\"eu_ES\" \/>\n<meta property=\"og:type\" content=\"article\" \/>\n<meta property=\"og:title\" content=\"Udal liburutegia - Ayuntamiento de Pe\u00f1acerrada-Urizaharra\" \/>\n<meta property=\"og:url\" content=\"https:\/\/www.penacerrada-urizaharra.eus\/eu\/zerbitzuak\/udal-liburutegia\/\" \/>\n<meta property=\"og:site_name\" content=\"Ayuntamiento de Pe\u00f1acerrada-Urizaharra\" \/>\n<meta property=\"article:modified_time\" content=\"2020-10-08T09:36:17+00:00\" \/>\n<meta property=\"og:image\" content=\"https:\/\/www.penacerrada-urizaharra.eus\/wp-content\/uploads\/2020\/02\/zona-wifi-80x80.png\" \/>\n<meta name=\"twitter:card\" content=\"summary_large_image\" \/>\n<meta name=\"twitter:label1\" content=\"Est. reading time\" \/>\n\t<meta name=\"twitter:data1\" content=\"4 minutes\" \/>\n<script type=\"application\/ld+json\" class=\"yoast-schema-graph\">{\"@context\":\"https:\/\/schema.org\",\"@graph\":[{\"@type\":\"WebPage\",\"@id\":\"https:\/\/www.penacerrada-urizaharra.eus\/eu\/zerbitzuak\/udal-liburutegia\/\",\"url\":\"https:\/\/www.penacerrada-urizaharra.eus\/eu\/zerbitzuak\/udal-liburutegia\/\",\"name\":\"Udal liburutegia - Ayuntamiento de Pe\u00f1acerrada-Urizaharra\",\"isPartOf\":{\"@id\":\"https:\/\/www.penacerrada-urizaharra.eus\/#website\"},\"primaryImageOfPage\":{\"@id\":\"https:\/\/www.penacerrada-urizaharra.eus\/eu\/zerbitzuak\/udal-liburutegia\/#primaryimage\"},\"image\":{\"@id\":\"https:\/\/www.penacerrada-urizaharra.eus\/eu\/zerbitzuak\/udal-liburutegia\/#primaryimage\"},\"thumbnailUrl\":\"https:\/\/www.penacerrada-urizaharra.eus\/wp-content\/uploads\/2020\/02\/zona-wifi-80x80.png\",\"datePublished\":\"2020-02-20T11:16:51+00:00\",\"dateModified\":\"2020-10-08T09:36:17+00:00\",\"breadcrumb\":{\"@id\":\"https:\/\/www.penacerrada-urizaharra.eus\/eu\/zerbitzuak\/udal-liburutegia\/#breadcrumb\"},\"inLanguage\":\"eu-ES\",\"potentialAction\":[{\"@type\":\"ReadAction\",\"target\":[\"https:\/\/www.penacerrada-urizaharra.eus\/eu\/zerbitzuak\/udal-liburutegia\/\"]}]},{\"@type\":\"ImageObject\",\"inLanguage\":\"eu-ES\",\"@id\":\"https:\/\/www.penacerrada-urizaharra.eus\/eu\/zerbitzuak\/udal-liburutegia\/#primaryimage\",\"url\":\"https:\/\/www.penacerrada-urizaharra.eus\/wp-content\/uploads\/2020\/02\/zona-wifi-80x80.png\",\"contentUrl\":\"https:\/\/www.penacerrada-urizaharra.eus\/wp-content\/uploads\/2020\/02\/zona-wifi-80x80.png\"},{\"@type\":\"BreadcrumbList\",\"@id\":\"https:\/\/www.penacerrada-urizaharra.eus\/eu\/zerbitzuak\/udal-liburutegia\/#breadcrumb\",\"itemListElement\":[{\"@type\":\"ListItem\",\"position\":1,\"name\":\"Portada\",\"item\":\"https:\/\/www.penacerrada-urizaharra.eus\/eu\/\"},{\"@type\":\"ListItem\",\"position\":2,\"name\":\"Zerbitzuak\",\"item\":\"https:\/\/www.penacerrada-urizaharra.eus\/eu\/zerbitzuak\/\"},{\"@type\":\"ListItem\",\"position\":3,\"name\":\"Udal liburutegia\"}]},{\"@type\":\"WebSite\",\"@id\":\"https:\/\/www.penacerrada-urizaharra.eus\/#website\",\"url\":\"https:\/\/www.penacerrada-urizaharra.eus\/\",\"name\":\"Ayuntamiento de Pe\u00f1acerrada-Urizaharra\",\"description\":\"\",\"potentialAction\":[{\"@type\":\"SearchAction\",\"target\":{\"@type\":\"EntryPoint\",\"urlTemplate\":\"https:\/\/www.penacerrada-urizaharra.eus\/?s={search_term_string}\"},\"query-input\":{\"@type\":\"PropertyValueSpecification\",\"valueRequired\":true,\"valueName\":\"search_term_string\"}}],\"inLanguage\":\"eu-ES\"}]}<\/script>\n<!-- \/ Yoast SEO plugin. -->","yoast_head_json":{"title":"Udal liburutegia - Ayuntamiento de Pe\u00f1acerrada-Urizaharra","robots":{"index":"index","follow":"follow","max-snippet":"max-snippet:-1","max-image-preview":"max-image-preview:large","max-video-preview":"max-video-preview:-1"},"canonical":"https:\/\/www.penacerrada-urizaharra.eus\/eu\/zerbitzuak\/udal-liburutegia\/","og_locale":"eu_ES","og_type":"article","og_title":"Udal liburutegia - Ayuntamiento de Pe\u00f1acerrada-Urizaharra","og_url":"https:\/\/www.penacerrada-urizaharra.eus\/eu\/zerbitzuak\/udal-liburutegia\/","og_site_name":"Ayuntamiento de Pe\u00f1acerrada-Urizaharra","article_modified_time":"2020-10-08T09:36:17+00:00","og_image":[{"url":"https:\/\/www.penacerrada-urizaharra.eus\/wp-content\/uploads\/2020\/02\/zona-wifi-80x80.png","type":"","width":"","height":""}],"twitter_card":"summary_large_image","twitter_misc":{"Est. reading time":"4 minutes"},"schema":{"@context":"https:\/\/schema.org","@graph":[{"@type":"WebPage","@id":"https:\/\/www.penacerrada-urizaharra.eus\/eu\/zerbitzuak\/udal-liburutegia\/","url":"https:\/\/www.penacerrada-urizaharra.eus\/eu\/zerbitzuak\/udal-liburutegia\/","name":"Udal liburutegia - Ayuntamiento de Pe\u00f1acerrada-Urizaharra","isPartOf":{"@id":"https:\/\/www.penacerrada-urizaharra.eus\/#website"},"primaryImageOfPage":{"@id":"https:\/\/www.penacerrada-urizaharra.eus\/eu\/zerbitzuak\/udal-liburutegia\/#primaryimage"},"image":{"@id":"https:\/\/www.penacerrada-urizaharra.eus\/eu\/zerbitzuak\/udal-liburutegia\/#primaryimage"},"thumbnailUrl":"https:\/\/www.penacerrada-urizaharra.eus\/wp-content\/uploads\/2020\/02\/zona-wifi-80x80.png","datePublished":"2020-02-20T11:16:51+00:00","dateModified":"2020-10-08T09:36:17+00:00","breadcrumb":{"@id":"https:\/\/www.penacerrada-urizaharra.eus\/eu\/zerbitzuak\/udal-liburutegia\/#breadcrumb"},"inLanguage":"eu-ES","potentialAction":[{"@type":"ReadAction","target":["https:\/\/www.penacerrada-urizaharra.eus\/eu\/zerbitzuak\/udal-liburutegia\/"]}]},{"@type":"ImageObject","inLanguage":"eu-ES","@id":"https:\/\/www.penacerrada-urizaharra.eus\/eu\/zerbitzuak\/udal-liburutegia\/#primaryimage","url":"https:\/\/www.penacerrada-urizaharra.eus\/wp-content\/uploads\/2020\/02\/zona-wifi-80x80.png","contentUrl":"https:\/\/www.penacerrada-urizaharra.eus\/wp-content\/uploads\/2020\/02\/zona-wifi-80x80.png"},{"@type":"BreadcrumbList","@id":"https:\/\/www.penacerrada-urizaharra.eus\/eu\/zerbitzuak\/udal-liburutegia\/#breadcrumb","itemListElement":[{"@type":"ListItem","position":1,"name":"Portada","item":"https:\/\/www.penacerrada-urizaharra.eus\/eu\/"},{"@type":"ListItem","position":2,"name":"Zerbitzuak","item":"https:\/\/www.penacerrada-urizaharra.eus\/eu\/zerbitzuak\/"},{"@type":"ListItem","position":3,"name":"Udal liburutegia"}]},{"@type":"WebSite","@id":"https:\/\/www.penacerrada-urizaharra.eus\/#website","url":"https:\/\/www.penacerrada-urizaharra.eus\/","name":"Ayuntamiento de Pe\u00f1acerrada-Urizaharra","description":"","potentialAction":[{"@type":"SearchAction","target":{"@type":"EntryPoint","urlTemplate":"https:\/\/www.penacerrada-urizaharra.eus\/?s={search_term_string}"},"query-input":{"@type":"PropertyValueSpecification","valueRequired":true,"valueName":"search_term_string"}}],"inLanguage":"eu-ES"}]}},"_links":{"self":[{"href":"https:\/\/www.penacerrada-urizaharra.eus\/eu\/wp-json\/wp\/v2\/pages\/1941","targetHints":{"allow":["GET"]}}],"collection":[{"href":"https:\/\/www.penacerrada-urizaharra.eus\/eu\/wp-json\/wp\/v2\/pages"}],"about":[{"href":"https:\/\/www.penacerrada-urizaharra.eus\/eu\/wp-json\/wp\/v2\/types\/page"}],"author":[{"embeddable":true,"href":"https:\/\/www.penacerrada-urizaharra.eus\/eu\/wp-json\/wp\/v2\/users\/1"}],"replies":[{"embeddable":true,"href":"https:\/\/www.penacerrada-urizaharra.eus\/eu\/wp-json\/wp\/v2\/comments?post=1941"}],"version-history":[{"count":8,"href":"https:\/\/www.penacerrada-urizaharra.eus\/eu\/wp-json\/wp\/v2\/pages\/1941\/revisions"}],"predecessor-version":[{"id":2284,"href":"https:\/\/www.penacerrada-urizaharra.eus\/eu\/wp-json\/wp\/v2\/pages\/1941\/revisions\/2284"}],"up":[{"embeddable":true,"href":"https:\/\/www.penacerrada-urizaharra.eus\/eu\/wp-json\/wp\/v2\/pages\/1940"}],"wp:attachment":[{"href":"https:\/\/www.penacerrada-urizaharra.eus\/eu\/wp-json\/wp\/v2\/media?parent=1941"}],"curies":[{"name":"wp","href":"https:\/\/api.w.org\/{rel}","templated":true}]}}