{"id":1872,"date":"2019-11-14T10:34:17","date_gmt":"2019-11-14T09:34:17","guid":{"rendered":"https:\/\/www.penacerrada-urizaharra.eus\/ayuntamiento\/urbanismo\/"},"modified":"2022-07-14T12:37:38","modified_gmt":"2022-07-14T10:37:38","slug":"urbanismo-hirigintza","status":"publish","type":"page","link":"https:\/\/www.penacerrada-urizaharra.eus\/eu\/udala\/urbanismo-hirigintza\/","title":{"rendered":"Urbanismo \/ Hirigintza"},"content":{"rendered":"<div  class='flex_column av-tgc59-90e1f6222c4c09422ac428ae081a88cd av_two_third  avia-builder-el-0  el_before_av_one_third  avia-builder-el-first  first flex_column_div  '     ><p><div  class='avia-icon-list-container av-kp833v9s-e68e8795c5a68d5899d0e9750b5eb433  avia-builder-el-1  el_before_av_button_big  avia-builder-el-no-sibling '><ul class='avia-icon-list avia_animate_when_almost_visible avia-icon-list-left av-iconlist-big av-kp833v9s-e68e8795c5a68d5899d0e9750b5eb433 avia-iconlist-animate'>\n<li><div class='iconlist_icon av-kp833rhz-6a09dcb284630cb269a38d7b9f5b8933 avia-font-entypo-fontello avia-iconfont avia-font-entypo-fontello'><span class='av-icon-char' data-av_icon='\ue862' data-av_iconfont='entypo-fontello' aria-hidden=\"true\"><\/span><\/div><article class=\"article-icon-entry \"  itemscope=\"itemscope\" itemtype=\"https:\/\/schema.org\/CreativeWork\" ><div class=\"iconlist_content_wrap\"><header class=\"entry-content-header\" aria-label=\"Icon: Horario de atenci\u00f3n \/ Ordutegia\"><h4 class='av_iconlist_title iconlist_title  '  itemprop=\"headline\" >Horario de atenci\u00f3n \/ Ordutegia<\/h4><\/header><div class='iconlist_content '  itemprop=\"text\" ><p>Mi\u00e9rcoles de 10:30 a 14:30<br \/>\nAsteazkenak, 10:30etik 14:30era<\/p>\n<\/div><\/div><footer class=\"entry-footer\"><\/footer><\/article><div class=\"iconlist-timeline\"><\/div><\/li>\n<\/ul><\/div><br \/>\n<div  class='avia-button-wrap avia-button-center  avia-builder-el-2  el_after_av_iconlist  el_before_av_hr '>\n<style type=\"text\/css\" data-created_by=\"avia_inline_auto\" id=\"style-css-av-kzi3zs3n-08803612879d155c2a531cbaac23d4b9\">\n#top #wrap_all .avia-button.av-kzi3zs3n-08803612879d155c2a531cbaac23d4b9:hover{\ncolor:white;\ntransition:all 0.4s ease-in-out;\n}\n#top #wrap_all .avia-button.av-kzi3zs3n-08803612879d155c2a531cbaac23d4b9:hover .avia-svg-icon svg:first-child{\nfill:white;\nstroke:white;\n}\n<\/style>\n<a href='https:\/\/sites.google.com\/view\/pgoupenacerrada\/' class='avia-color-theme-color avia-font-color-theme-color avia-button avia-button-fullwidth av-kzi3zs3n-08803612879d155c2a531cbaac23d4b9 avia-icon_select-yes-left-icon avia-color-theme-color'  target=\"_blank\"  rel=\"noopener noreferrer\"  aria-label=\"PLAN GENERAL DE ORDENACI\u00d3N URBANA&lt;br \/&gt;\nHIRI-ANTOLAMENDURAKO PLAN OROKORRA\"><span class='avia_button_icon avia_button_icon_left avia-iconfont avia-font-entypo-fontello' data-av_icon='\ue85d' data-av_iconfont='entypo-fontello' ><\/span><span class='avia_iconbox_title' >PLAN GENERAL DE ORDENACI\u00d3N URBANA<br \/>\nHIRI-ANTOLAMENDURAKO PLAN OROKORRA<\/span><span class='avia_button_background avia-button avia-button-fullwidth avia-color-theme-color-highlight'><\/span><\/a><\/div><br \/>\n\n<style type=\"text\/css\" data-created_by=\"avia_inline_auto\" id=\"style-css-av-kzi40hzj-63005298ecaa2097d199e4a93e3804f6\">\n#top .hr.hr-invisible.av-kzi40hzj-63005298ecaa2097d199e4a93e3804f6{\nheight:20px;\n}\n<\/style>\n<div  class='hr av-kzi40hzj-63005298ecaa2097d199e4a93e3804f6 hr-invisible  avia-builder-el-3  el_after_av_button_big  el_before_av_toggle_container  avia-builder-el-first '><span class='hr-inner '><span class=\"hr-inner-style\"><\/span><\/span><\/div><br \/>\n<div  class='togglecontainer av-k6lywfcs-026632f0834732c959cb381a9b26922f  avia-builder-el-4  el_after_av_hr  avia-builder-el-last  toggle_close_all' >\n<section class='av_toggle_section av-9xusl-7c14a16bcc629d76ade8522070945a67'  itemscope=\"itemscope\" itemtype=\"https:\/\/schema.org\/CreativeWork\" ><div role=\"tablist\" class=\"single_toggle\" data-tags=\"{All} \"  ><p id='toggle-toggle-id-1' data-fake-id='#toggle-id-1' class='toggler  av-title-above '  itemprop=\"headline\"  role='tab' tabindex='0' aria-controls='toggle-id-1' data-slide-speed=\"200\" data-title=\"AVANCE DEL PLAN GENERAL DE ORDENACI\u00d3N URBANA DE PE\u00d1ACERRADA\/URIZAHARRA\" data-title-open=\"\" data-aria_collapsed=\"Click to expand: AVANCE DEL PLAN GENERAL DE ORDENACI\u00d3N URBANA DE PE\u00d1ACERRADA\/URIZAHARRA\" data-aria_expanded=\"Click to collapse: AVANCE DEL PLAN GENERAL DE ORDENACI\u00d3N URBANA DE PE\u00d1ACERRADA\/URIZAHARRA\">AVANCE DEL PLAN GENERAL DE ORDENACI\u00d3N URBANA DE PE\u00d1ACERRADA\/URIZAHARRA<span class=\"toggle_icon\"><span class=\"vert_icon\"><\/span><span class=\"hor_icon\"><\/span><\/span><\/p><div id='toggle-id-1' aria-labelledby='toggle-toggle-id-1' role='region' class='toggle_wrap  av-title-above'  ><div class='toggle_content invers-color '  itemprop=\"text\" ><h2>1\u00ba AVANCE DEL PGOU<\/h2>\n<ul>\n<li>Memoria: <a href=\"https:\/\/www.penacerrada-urizaharra.eus\/documentos\/urbanismo\/1-avance-pgou\/memoria-1-pgou-penarrada.zip\" target=\"_blank\" rel=\"noopener\">Descargar memoria<\/a> (Archivo .zip 33,9 MB)<\/li>\n<li>Planos: <a href=\"https:\/\/www.penacerrada-urizaharra.eus\/documentos\/urbanismo\/1-avance-pgou\/planos-1-pgou-penacerrada.zip\" target=\"_blank\" rel=\"noopener\">Descargar planos<\/a> (Archivo .zip 62,6 MB)<\/li>\n<\/ul>\n<h2>2\u00ba AVANCE DEL PGOU<\/h2>\n<ul>\n<li>Memoria: <a href=\"https:\/\/www.penacerrada-urizaharra.eus\/documentos\/urbanismo\/2-avance-pgou\/1804-memoria-PGOU-penacerrada.zip\" target=\"_blank\" rel=\"noopener\">Descargar memoria<\/a> (Archivo .zip 46,6 MB)<\/li>\n<li>Planos: <a href=\"https:\/\/www.penacerrada-urizaharra.eus\/documentos\/urbanismo\/2-avance-pgou\/1804-planos-PGOU-penacerrada.zip\" target=\"_blank\" rel=\"noopener\">Descargar planos<\/a> (Archivo .zip 48,5 MB)<\/li>\n<\/ul>\n<\/div><\/div><\/div><\/section>\n<section class='av_toggle_section av-7cu11-77d192ac667820c1980d7ab06f055148'  itemscope=\"itemscope\" itemtype=\"https:\/\/schema.org\/CreativeWork\" ><div role=\"tablist\" class=\"single_toggle\" data-tags=\"{All} \"  ><p id='toggle-toggle-id-2' data-fake-id='#toggle-id-2' class='toggler  av-title-above '  itemprop=\"headline\"  role='tab' tabindex='0' aria-controls='toggle-id-2' data-slide-speed=\"200\" data-title=\"1\u00aa MODIFICACION PERI OCTUBRE 2019 (APROBACI\u00d3N INICIAL)\" data-title-open=\"\" data-aria_collapsed=\"Click to expand: 1\u00aa MODIFICACION PERI OCTUBRE 2019 (APROBACI\u00d3N INICIAL)\" data-aria_expanded=\"Click to collapse: 1\u00aa MODIFICACION PERI OCTUBRE 2019 (APROBACI\u00d3N INICIAL)\">1\u00aa MODIFICACION PERI OCTUBRE 2019 (APROBACI\u00d3N INICIAL)<span class=\"toggle_icon\"><span class=\"vert_icon\"><\/span><span class=\"hor_icon\"><\/span><\/span><\/p><div id='toggle-id-2' aria-labelledby='toggle-toggle-id-2' role='region' class='toggle_wrap  av-title-above'  ><div class='toggle_content invers-color '  itemprop=\"text\" ><h2>1\u00aa MODIFICACION PERI OCTUBRE 2019 (APROBACI\u00d3N INICIAL)<\/h2>\n<ul>\n<li><a href=\"https:\/\/www.penacerrada-urizaharra.eus\/wp-content\/uploads\/2020\/02\/2019-OCT-1A-TABLON-ANUNCIOS-APROBACION-INICIAL-PERI.pdf\" target=\"_blank\" rel=\"noopener\">1A TABLON DE ANUNCIOS APROBACION INICIAL PERI<\/a><\/li>\n<li><a href=\"https:\/\/www.penacerrada-urizaharra.eus\/wp-content\/uploads\/2020\/02\/2019-OCT-1B-2019-07-22-ORDEN-FORAL-185-2019-INFORME-AMBIENTAL.pdf\" target=\"_blank\" rel=\"noopener\"> 1B 2019,07.22 ORDEN FORAL 185.2019 INFORME AMBIENTAL<\/a><\/li>\n<li><a href=\"https:\/\/www.penacerrada-urizaharra.eus\/wp-content\/uploads\/2020\/02\/2019-OCT-1R-MEMORIA.pdf\" target=\"_blank\" rel=\"noopener\">1R MEMORIA<\/a><\/li>\n<li><a href=\"https:\/\/www.penacerrada-urizaharra.eus\/wp-content\/uploads\/2020\/02\/2019-OCT-2R-NORMATIVA.pdf\" target=\"_blank\" rel=\"noopener\">2R NORMATIVA<\/a><\/li>\n<li><a href=\"https:\/\/www.penacerrada-urizaharra.eus\/wp-content\/uploads\/2020\/02\/2019-OCT-3R-CATALOGO-FICHAS.pdf\" target=\"_blank\" rel=\"noopener\">3R CATALOGO Y FICHAS<\/a><\/li>\n<li><a href=\"https:\/\/www.penacerrada-urizaharra.eus\/wp-content\/uploads\/2020\/02\/2019-OCT-4R-EFF.pdf\" target=\"_blank\" rel=\"noopener\">4R EFF<\/a><\/li>\n<li><a href=\"https:\/\/www.penacerrada-urizaharra.eus\/wp-content\/uploads\/2020\/02\/2019-OCT-5-1-Plano-Informacion.pdf\" target=\"_blank\" rel=\"noopener\">5.1 PLANO DE INFORMACION<\/a><\/li>\n<li><a href=\"https:\/\/www.penacerrada-urizaharra.eus\/wp-content\/uploads\/2020\/02\/2019-OCT-5-2-Plano-Ordenacion.pdf\" target=\"_blank\" rel=\"noopener\">5.2 PLANO DE ORDENACION<\/a><\/li>\n<li><a href=\"https:\/\/www.penacerrada-urizaharra.eus\/wp-content\/uploads\/2020\/02\/2019-OCT-ALHAO-Iragarkien-argitalpena-BOTHA-Publicacion-Anuncios.pdf\" target=\"_blank\" rel=\"noopener\">BOTHA Publicaci\u00f3n<\/a><\/li>\n<\/ul>\n<\/div><\/div><\/div><\/section>\n<section class='av_toggle_section av-6rj1x-9473165a4b96acc6f101571447521917'  itemscope=\"itemscope\" itemtype=\"https:\/\/schema.org\/CreativeWork\" ><div role=\"tablist\" class=\"single_toggle\" data-tags=\"{All} \"  ><p id='toggle-toggle-id-3' data-fake-id='#toggle-id-3' class='toggler  av-title-above '  itemprop=\"headline\"  role='tab' tabindex='0' aria-controls='toggle-id-3' data-slide-speed=\"200\" data-title=\"PLAN DIRECTOR DE CONSERVACI\u00d3N MURALLA PE\u00d1ACERRADA-URIZAHARRA\" data-title-open=\"\" data-aria_collapsed=\"Click to expand: PLAN DIRECTOR DE CONSERVACI\u00d3N MURALLA PE\u00d1ACERRADA-URIZAHARRA\" data-aria_expanded=\"Click to collapse: PLAN DIRECTOR DE CONSERVACI\u00d3N MURALLA PE\u00d1ACERRADA-URIZAHARRA\">PLAN DIRECTOR DE CONSERVACI\u00d3N MURALLA PE\u00d1ACERRADA-URIZAHARRA<span class=\"toggle_icon\"><span class=\"vert_icon\"><\/span><span class=\"hor_icon\"><\/span><\/span><\/p><div id='toggle-id-3' aria-labelledby='toggle-toggle-id-3' role='region' class='toggle_wrap  av-title-above'  ><div class='toggle_content invers-color '  itemprop=\"text\" ><ul>\n<li><a href=\"https:\/\/penacerrada-urizaharra.eus\/documentos\/urbanismo\/plan-director-muralla\/A-Memoria-pag-1-39.pdf\" target=\"_blank\" rel=\"noopener\">1 Memoria p\u00e1g. 1 a 39<\/a><\/li>\n<li><a href=\"https:\/\/penacerrada-urizaharra.eus\/documentos\/urbanismo\/plan-director-muralla\/B-Memoria-pag-40-78.pdf\" target=\"_blank\" rel=\"noopener\">1 Memoria p\u00e1g. 40 a 78<\/a><\/li>\n<li><a href=\"https:\/\/penacerrada-urizaharra.eus\/documentos\/urbanismo\/plan-director-muralla\/C-Memoria-pag-79-111.pdf\" target=\"_blank\" rel=\"noopener\">1 Memoria p\u00e1g. 79 a 111<\/a><\/li>\n<li><a href=\"https:\/\/penacerrada-urizaharra.eus\/documentos\/urbanismo\/plan-director-muralla\/1-Situacion.pdf\" target=\"_blank\" rel=\"noopener\">1a Situaci\u00f3n<\/a><\/li>\n<li><a href=\"https:\/\/penacerrada-urizaharra.eus\/documentos\/urbanismo\/plan-director-muralla\/2-Situacion-Actual-Muralla.pdf\" target=\"_blank\" rel=\"noopener\">1b Situaci\u00f3n Actual Muralla<\/a><\/li>\n<li><a href=\"https:\/\/penacerrada-urizaharra.eus\/documentos\/urbanismo\/plan-director-muralla\/3-Situacion-Actual-Nucleo-Urbano.pdf\" target=\"_blank\" rel=\"noopener\">1c Situaci\u00f3n Actual Nucleo Urbano<\/a><\/li>\n<li><a href=\"https:\/\/penacerrada-urizaharra.eus\/documentos\/urbanismo\/plan-director-muralla\/4-Situacion-Actual-Planta-Baja.pdf\" target=\"_blank\" rel=\"noopener\">1d Situaci\u00f3n Actual Planta Baja<\/a><\/li>\n<li><a href=\"https:\/\/penacerrada-urizaharra.eus\/documentos\/urbanismo\/plan-director-muralla\/5-Propuesta-Principales-Intervenciones.pdf\" target=\"_blank\" rel=\"noopener\">1e Propuesta Principales Intervenciones<\/a><\/li>\n<li><a href=\"https:\/\/penacerrada-urizaharra.eus\/documentos\/urbanismo\/plan-director-muralla\/6-Propuesta-Crecimiento-Urbano.pdf\" target=\"_blank\" rel=\"noopener\">1f Propuesta Crecimiento Urbano<\/a><\/li>\n<li><a href=\"https:\/\/penacerrada-urizaharra.eus\/documentos\/urbanismo\/plan-director-muralla\/7-Alzado-A.pdf\" target=\"_blank\" rel=\"noopener\">1g Alzado A<\/a><\/li>\n<li><a href=\"https:\/\/penacerrada-urizaharra.eus\/documentos\/urbanismo\/plan-director-muralla\/8-Alzado-B.pdf\" target=\"_blank\" rel=\"noopener\">1h Alzado B<\/a><\/li>\n<li><a href=\"https:\/\/penacerrada-urizaharra.eus\/documentos\/urbanismo\/plan-director-muralla\/9-Alzado-C.pdf\" target=\"_blank\" rel=\"noopener\">1i Alzado C<\/a><\/li>\n<li><a href=\"https:\/\/penacerrada-urizaharra.eus\/documentos\/urbanismo\/plan-director-muralla\/10-Alzado-D.pdf\" target=\"_blank\" rel=\"noopener\">1j Alzado D<\/a><\/li>\n<li><a href=\"https:\/\/penacerrada-urizaharra.eus\/documentos\/urbanismo\/plan-director-muralla\/11-Alzado-E.pdf\" target=\"_blank\" rel=\"noopener\">1k Alzado E<\/a><\/li>\n<\/ul>\n<\/div><\/div><\/div><\/section>\n<section class='av_toggle_section av-l5kvxp9j-7a4ceac2bb8edeab0ef7549a7ef23a32'  itemscope=\"itemscope\" itemtype=\"https:\/\/schema.org\/CreativeWork\" ><div role=\"tablist\" class=\"single_toggle\" data-tags=\"{All} \"  ><p id='toggle-toggle-id-4' data-fake-id='#toggle-id-4' class='toggler  av-title-above '  itemprop=\"headline\"  role='tab' tabindex='0' aria-controls='toggle-id-4' data-slide-speed=\"200\" data-title=\"1\u00aa MODIFICACI\u00d3N PERI (APROBACI\u00d3N DEFINITIVA)\" data-title-open=\"\" data-aria_collapsed=\"Click to expand: 1\u00aa MODIFICACI\u00d3N PERI (APROBACI\u00d3N DEFINITIVA)\" data-aria_expanded=\"Click to collapse: 1\u00aa MODIFICACI\u00d3N PERI (APROBACI\u00d3N DEFINITIVA)\">1\u00aa MODIFICACI\u00d3N PERI (APROBACI\u00d3N DEFINITIVA)<span class=\"toggle_icon\"><span class=\"vert_icon\"><\/span><span class=\"hor_icon\"><\/span><\/span><\/p><div id='toggle-id-4' aria-labelledby='toggle-toggle-id-4' role='region' class='toggle_wrap  av-title-above'  ><div class='toggle_content invers-color '  itemprop=\"text\" ><h2>1\u00aa MODIFICACI\u00d3N PERI (APROBACI\u00d3N DEFINITIVA)<\/h2>\n<ul>\n<li><a href=\"https:\/\/penacerrada-urizaharra.eus\/documentos\/urbanismo\/1-modificacion-peri-definitivo\/I-A-0-MEMORIA-PERI-2022-AD.pdf\" target=\"_blank\" rel=\"noopener\">DOCUMENTACI\u00d3N PARA LA APROBACI\u00d3N DEFINITIVA DANDO CUMPLIMIENTO A LA O.F. 242\/2021 DE 13\/09\/2021<\/a><\/li>\n<li><a href=\"https:\/\/penacerrada-urizaharra.eus\/documentos\/urbanismo\/1-modificacion-peri-definitivo\/I-A-1-1-PPC.pdf\" target=\"_blank\" rel=\"noopener\">DOCUMENTO PROGRAMA DE PARTICIPACI\u00d3N CIUDADANA E INFORMACI\u00d3N DE LA REVISI\u00d3N DEL PLAN ESPECIAL DEL CASCO HIST\u00d3RICO DE PE\u00d1ACERRADA\/URIZAHARRA<\/a><\/li>\n<li><a href=\"https:\/\/penacerrada-urizaharra.eus\/documentos\/urbanismo\/1-modificacion-peri-definitivo\/I-A-1-2-PPG.pdf\" target=\"_blank\" rel=\"noopener\">ANEXO A LA MEMORIA. Informe de Evaluaci\u00f3n de Impacto de G\u00e9nero<\/a><\/li>\n<li><a href=\"https:\/\/penacerrada-urizaharra.eus\/documentos\/urbanismo\/1-modificacion-peri-definitivo\/I-B-0-NORMATIVA-VIGENTE.pdf\" target=\"_blank\" rel=\"noopener\">DOCUMENTO B. NORMATIVA URBANISTICA VIGENTE<\/a><\/li>\n<li><a href=\"https:\/\/penacerrada-urizaharra.eus\/documentos\/urbanismo\/1-modificacion-peri-definitivo\/I-B-1-NORMATIVA-AD-03-2022.pdf\" target=\"_blank\" rel=\"noopener\">DOCUMENTO B. NORMATIVA URBANISTICA MODIFICADA<\/a><\/li>\n<li><a href=\"https:\/\/penacerrada-urizaharra.eus\/documentos\/urbanismo\/1-modificacion-peri-definitivo\/I-C-CATALOGO-AD-03-2022.pdf\" target=\"_blank\" rel=\"noopener\">DOCUMENTO C. CATALOGO Y FICHAS<\/a><\/li>\n<li><a href=\"https:\/\/penacerrada-urizaharra.eus\/documentos\/urbanismo\/1-modificacion-peri-definitivo\/I-D-EEF-AD-03-2022.pdf\" target=\"_blank\" rel=\"noopener\">ESTUDIO ECONOMICO FINACIERO \/ INFORME DE VIABILIDAD ECONOMICA. PLAN DE ETAPAS<\/a><\/li>\n<li><a href=\"https:\/\/penacerrada-urizaharra.eus\/documentos\/urbanismo\/1-modificacion-peri-definitivo\/I-E-FICHAS-PERI-2020-AD.pdf\" target=\"_blank\" rel=\"noopener\">DOCUMENTO C. FICHAS DE LA EDIFICACI\u00d3N<\/a><\/li>\n<li><a href=\"https:\/\/penacerrada-urizaharra.eus\/documentos\/urbanismo\/1-modificacion-peri-definitivo\/I-F-Fichas-gestion-UE-AD.pdf\" target=\"_blank\" rel=\"noopener\">DOCUMENTO C. FICHAS DE GESTI\u00d3N<\/a><\/li>\n<li><a href=\"https:\/\/penacerrada-urizaharra.eus\/documentos\/urbanismo\/1-modificacion-peri-definitivo\/II-DOC-GRAFICA-1-MODIFICACION-01-INFORMACION.pdf\" target=\"_blank\" rel=\"noopener\">PLANO DE INFORMACI\u00d3N<\/a><\/li>\n<li><a href=\"https:\/\/penacerrada-urizaharra.eus\/documentos\/urbanismo\/1-modificacion-peri-definitivo\/II-DOC-GRAFICA-1-MODIFICACION-02-ORDENACION.pdf\" target=\"_blank\" rel=\"noopener\">ORDENACI\u00d3N Y GESTI\u00d3N<\/a><\/li>\n<li><a href=\"https:\/\/penacerrada-urizaharra.eus\/documentos\/urbanismo\/1-modificacion-peri-definitivo\/II-DOC-GRAFICA-00-PLANOS-VIGENTES-C.pdf\" target=\"_blank\" rel=\"noopener\">PLANOS DE ORDENACI\u00d3N Y GESTI\u00d3N VIGENTES<\/a><\/li>\n<li><a href=\"https:\/\/penacerrada-urizaharra.eus\/documentos\/urbanismo\/1-modificacion-peri-definitivo\/PERICH-PENACERRADA-URIZAHARRA-BOTHA-cas.pdf\" target=\"_blank\" rel=\"noopener\">Orden Foral 132\/2022, de 9 de junio. Aceptaci\u00f3n del cumplimiento de las condiciones impuestas en la Orden Foral 242\/2021, de 13 de septiembre, del Diputado de Medio Ambiente y Urbanismo, por la que se aprob\u00f3 definitivamente con condiciones el expediente de 1\u00aa modificaci\u00f3n puntual del Plan Especial de Rehabilitaci\u00f3n Integrada del Casco Hist\u00f3rico de Pe\u00f1acerrada-Urizaharra<\/a><\/li>\n<li><a href=\"https:\/\/penacerrada-urizaharra.eus\/documentos\/urbanismo\/1-modificacion-peri-definitivo\/PERICH-PENACERRADA-URIZAHARRA-BOTHA-eus.pdf\" target=\"_blank\" rel=\"noopener\">132\/2022 Foru Agindua, ekainaren 9koa. Ingurumen eta Hirigintza Saileko foru diputatuaren irailaren 13ko 242\/2021 Foru Aginduan ezarritako baldintzak bete direla onartzea. Foru agindu horren bidez, behin betiko onetsi zen, zenbait baldintzarekin, Pe\u00f1acerrada-Urizaharreko herrigune historikoaren birgaitze integratuko plan bereziaren 1. aldaketa puntualaren espedientea<\/a><\/li>\n<\/ul>\n<\/div><\/div><\/div><\/section>\n<\/div><\/p><\/div>\n<style type=\"text\/css\" data-created_by=\"avia_inline_auto\" id=\"style-css-av-ior7p-3fb84315a79f7a3d717735eefae80826\">\n.flex_column.av-ior7p-3fb84315a79f7a3d717735eefae80826{\nborder-width:1px;\nborder-color:#000000;\nborder-style:solid;\nborder-radius:0px 0px 0px 0px;\npadding:20px 20px 20px 20px;\n}\n<\/style>\n<div  class='flex_column av-ior7p-3fb84315a79f7a3d717735eefae80826 av_one_third  avia-builder-el-5  el_after_av_two_third  avia-builder-el-last  flex_column_div  '     ><p>\n<style type=\"text\/css\" data-created_by=\"avia_inline_auto\" id=\"style-css-av-gxodp-38eeb27be2389eb70230a3cd578e1764\">\n#top .av-special-heading.av-gxodp-38eeb27be2389eb70230a3cd578e1764{\npadding-bottom:10px;\nfont-size:20px;\n}\nbody .av-special-heading.av-gxodp-38eeb27be2389eb70230a3cd578e1764 .av-special-heading-tag .heading-char{\nfont-size:25px;\n}\n#top #wrap_all .av-special-heading.av-gxodp-38eeb27be2389eb70230a3cd578e1764 .av-special-heading-tag{\nfont-size:20px;\n}\n.av-special-heading.av-gxodp-38eeb27be2389eb70230a3cd578e1764 .av-subheading{\nfont-size:15px;\n}\n\n@media only screen and (min-width: 480px) and (max-width: 767px){ \n#top #wrap_all .av-special-heading.av-gxodp-38eeb27be2389eb70230a3cd578e1764 .av-special-heading-tag{\nfont-size:0.8em;\n}\n}\n\n@media only screen and (max-width: 479px){ \n#top #wrap_all .av-special-heading.av-gxodp-38eeb27be2389eb70230a3cd578e1764 .av-special-heading-tag{\nfont-size:0.8em;\n}\n}\n<\/style>\n<div  class='av-special-heading av-gxodp-38eeb27be2389eb70230a3cd578e1764 av-special-heading-h2 blockquote modern-quote  avia-builder-el-6  el_before_av_magazine  avia-builder-el-first  av-inherit-size av-linked-heading'><h2 class='av-special-heading-tag '  itemprop=\"headline\"  >Noticias sobre urbanismo<\/h2><div class=\"special-heading-border\"><div class=\"special-heading-inner-border\"><\/div><\/div><\/div><br \/>\n<div  id=\"1\"  class='av-magazine   avia-builder-el-7  el_after_av_heading  avia-builder-el-last   ' ><div class='av-magazine-group sort_all'><article class='hentry av-magazine-entry av-magazine-entry-id-4129 av-magazine-format-link av-magazine-type-post av-magazine-entry-1 av-magazine-entry-small av-magazine-no-thumb'  itemscope=\"itemscope\" itemtype=\"https:\/\/schema.org\/CreativeWork\" ><div class='av-magazine-content-wrap'><header class='entry-content-header'><time class='av-magazine-time updated'  itemprop=\"datePublished\" datetime=\"2021-08-18T12:36:55+02:00\" >2021-08-18<\/time><h3 class='av-magazine-title entry-title '  itemprop=\"headline\" ><a href='http:\/\/www.araba.eus\/botha\/Boletines\/2021\/093\/2021_093_02915_E.pdf' title='Link to: Hasierako onespena ematea xehetasun azterketari'>Hasierako onespena ematea xehetasun azterketari<\/a><\/h3><\/header><\/div><footer class='entry-footer'><\/footer><\/article><\/div><\/div><\/p><\/div><\/p>\n","protected":false},"excerpt":{"rendered":"","protected":false},"author":1,"featured_media":0,"parent":1866,"menu_order":0,"comment_status":"closed","ping_status":"closed","template":"","meta":{"footnotes":""},"class_list":["post-1872","page","type-page","status-publish","hentry"],"yoast_head":"<!-- This site is optimized with the Yoast SEO plugin v26.6 - https:\/\/yoast.com\/wordpress\/plugins\/seo\/ -->\n<title>Urbanismo \/ Hirigintza - Ayuntamiento de Pe\u00f1acerrada-Urizaharra<\/title>\n<meta name=\"robots\" content=\"index, follow, max-snippet:-1, max-image-preview:large, max-video-preview:-1\" \/>\n<link rel=\"canonical\" href=\"https:\/\/www.penacerrada-urizaharra.eus\/eu\/udala\/urbanismo-hirigintza\/\" \/>\n<meta property=\"og:locale\" content=\"eu_ES\" \/>\n<meta property=\"og:type\" content=\"article\" \/>\n<meta property=\"og:title\" content=\"Urbanismo \/ Hirigintza - Ayuntamiento de Pe\u00f1acerrada-Urizaharra\" \/>\n<meta property=\"og:url\" content=\"https:\/\/www.penacerrada-urizaharra.eus\/eu\/udala\/urbanismo-hirigintza\/\" \/>\n<meta property=\"og:site_name\" content=\"Ayuntamiento de Pe\u00f1acerrada-Urizaharra\" \/>\n<meta property=\"article:modified_time\" content=\"2022-07-14T10:37:38+00:00\" \/>\n<meta name=\"twitter:card\" content=\"summary_large_image\" \/>\n<meta name=\"twitter:label1\" content=\"Est. reading time\" \/>\n\t<meta name=\"twitter:data1\" content=\"4 minutes\" \/>\n<script type=\"application\/ld+json\" class=\"yoast-schema-graph\">{\"@context\":\"https:\/\/schema.org\",\"@graph\":[{\"@type\":\"WebPage\",\"@id\":\"https:\/\/www.penacerrada-urizaharra.eus\/eu\/udala\/urbanismo-hirigintza\/\",\"url\":\"https:\/\/www.penacerrada-urizaharra.eus\/eu\/udala\/urbanismo-hirigintza\/\",\"name\":\"Urbanismo \/ Hirigintza - Ayuntamiento de Pe\u00f1acerrada-Urizaharra\",\"isPartOf\":{\"@id\":\"https:\/\/www.penacerrada-urizaharra.eus\/#website\"},\"datePublished\":\"2019-11-14T09:34:17+00:00\",\"dateModified\":\"2022-07-14T10:37:38+00:00\",\"breadcrumb\":{\"@id\":\"https:\/\/www.penacerrada-urizaharra.eus\/eu\/udala\/urbanismo-hirigintza\/#breadcrumb\"},\"inLanguage\":\"eu-ES\",\"potentialAction\":[{\"@type\":\"ReadAction\",\"target\":[\"https:\/\/www.penacerrada-urizaharra.eus\/eu\/udala\/urbanismo-hirigintza\/\"]}]},{\"@type\":\"BreadcrumbList\",\"@id\":\"https:\/\/www.penacerrada-urizaharra.eus\/eu\/udala\/urbanismo-hirigintza\/#breadcrumb\",\"itemListElement\":[{\"@type\":\"ListItem\",\"position\":1,\"name\":\"Portada\",\"item\":\"https:\/\/www.penacerrada-urizaharra.eus\/eu\/\"},{\"@type\":\"ListItem\",\"position\":2,\"name\":\"Udala\",\"item\":\"https:\/\/www.penacerrada-urizaharra.eus\/eu\/udala\/\"},{\"@type\":\"ListItem\",\"position\":3,\"name\":\"Urbanismo \/ Hirigintza\"}]},{\"@type\":\"WebSite\",\"@id\":\"https:\/\/www.penacerrada-urizaharra.eus\/#website\",\"url\":\"https:\/\/www.penacerrada-urizaharra.eus\/\",\"name\":\"Ayuntamiento de Pe\u00f1acerrada-Urizaharra\",\"description\":\"\",\"potentialAction\":[{\"@type\":\"SearchAction\",\"target\":{\"@type\":\"EntryPoint\",\"urlTemplate\":\"https:\/\/www.penacerrada-urizaharra.eus\/?s={search_term_string}\"},\"query-input\":{\"@type\":\"PropertyValueSpecification\",\"valueRequired\":true,\"valueName\":\"search_term_string\"}}],\"inLanguage\":\"eu-ES\"}]}<\/script>\n<!-- \/ Yoast SEO plugin. -->","yoast_head_json":{"title":"Urbanismo \/ Hirigintza - Ayuntamiento de Pe\u00f1acerrada-Urizaharra","robots":{"index":"index","follow":"follow","max-snippet":"max-snippet:-1","max-image-preview":"max-image-preview:large","max-video-preview":"max-video-preview:-1"},"canonical":"https:\/\/www.penacerrada-urizaharra.eus\/eu\/udala\/urbanismo-hirigintza\/","og_locale":"eu_ES","og_type":"article","og_title":"Urbanismo \/ Hirigintza - Ayuntamiento de Pe\u00f1acerrada-Urizaharra","og_url":"https:\/\/www.penacerrada-urizaharra.eus\/eu\/udala\/urbanismo-hirigintza\/","og_site_name":"Ayuntamiento de Pe\u00f1acerrada-Urizaharra","article_modified_time":"2022-07-14T10:37:38+00:00","twitter_card":"summary_large_image","twitter_misc":{"Est. reading time":"4 minutes"},"schema":{"@context":"https:\/\/schema.org","@graph":[{"@type":"WebPage","@id":"https:\/\/www.penacerrada-urizaharra.eus\/eu\/udala\/urbanismo-hirigintza\/","url":"https:\/\/www.penacerrada-urizaharra.eus\/eu\/udala\/urbanismo-hirigintza\/","name":"Urbanismo \/ Hirigintza - Ayuntamiento de Pe\u00f1acerrada-Urizaharra","isPartOf":{"@id":"https:\/\/www.penacerrada-urizaharra.eus\/#website"},"datePublished":"2019-11-14T09:34:17+00:00","dateModified":"2022-07-14T10:37:38+00:00","breadcrumb":{"@id":"https:\/\/www.penacerrada-urizaharra.eus\/eu\/udala\/urbanismo-hirigintza\/#breadcrumb"},"inLanguage":"eu-ES","potentialAction":[{"@type":"ReadAction","target":["https:\/\/www.penacerrada-urizaharra.eus\/eu\/udala\/urbanismo-hirigintza\/"]}]},{"@type":"BreadcrumbList","@id":"https:\/\/www.penacerrada-urizaharra.eus\/eu\/udala\/urbanismo-hirigintza\/#breadcrumb","itemListElement":[{"@type":"ListItem","position":1,"name":"Portada","item":"https:\/\/www.penacerrada-urizaharra.eus\/eu\/"},{"@type":"ListItem","position":2,"name":"Udala","item":"https:\/\/www.penacerrada-urizaharra.eus\/eu\/udala\/"},{"@type":"ListItem","position":3,"name":"Urbanismo \/ Hirigintza"}]},{"@type":"WebSite","@id":"https:\/\/www.penacerrada-urizaharra.eus\/#website","url":"https:\/\/www.penacerrada-urizaharra.eus\/","name":"Ayuntamiento de Pe\u00f1acerrada-Urizaharra","description":"","potentialAction":[{"@type":"SearchAction","target":{"@type":"EntryPoint","urlTemplate":"https:\/\/www.penacerrada-urizaharra.eus\/?s={search_term_string}"},"query-input":{"@type":"PropertyValueSpecification","valueRequired":true,"valueName":"search_term_string"}}],"inLanguage":"eu-ES"}]}},"_links":{"self":[{"href":"https:\/\/www.penacerrada-urizaharra.eus\/eu\/wp-json\/wp\/v2\/pages\/1872","targetHints":{"allow":["GET"]}}],"collection":[{"href":"https:\/\/www.penacerrada-urizaharra.eus\/eu\/wp-json\/wp\/v2\/pages"}],"about":[{"href":"https:\/\/www.penacerrada-urizaharra.eus\/eu\/wp-json\/wp\/v2\/types\/page"}],"author":[{"embeddable":true,"href":"https:\/\/www.penacerrada-urizaharra.eus\/eu\/wp-json\/wp\/v2\/users\/1"}],"replies":[{"embeddable":true,"href":"https:\/\/www.penacerrada-urizaharra.eus\/eu\/wp-json\/wp\/v2\/comments?post=1872"}],"version-history":[{"count":20,"href":"https:\/\/www.penacerrada-urizaharra.eus\/eu\/wp-json\/wp\/v2\/pages\/1872\/revisions"}],"predecessor-version":[{"id":4784,"href":"https:\/\/www.penacerrada-urizaharra.eus\/eu\/wp-json\/wp\/v2\/pages\/1872\/revisions\/4784"}],"up":[{"embeddable":true,"href":"https:\/\/www.penacerrada-urizaharra.eus\/eu\/wp-json\/wp\/v2\/pages\/1866"}],"wp:attachment":[{"href":"https:\/\/www.penacerrada-urizaharra.eus\/eu\/wp-json\/wp\/v2\/media?parent=1872"}],"curies":[{"name":"wp","href":"https:\/\/api.w.org\/{rel}","templated":true}]}}